{"id":1022,"date":"2022-09-13T18:25:12","date_gmt":"2022-09-13T17:25:12","guid":{"rendered":"https:\/\/pipacshon.hu\/?page_id=1022"},"modified":"2025-09-09T18:55:50","modified_gmt":"2025-09-09T17:55:50","slug":"fooldal","status":"publish","type":"page","link":"https:\/\/pipacshon.hu\/","title":{"rendered":"F\u0151oldal"},"content":{"rendered":"<p>[et_pb_section fb_built=&#8221;1&#8243; fullwidth=&#8221;on&#8221; next_background_color=&#8221;#ffffff&#8221; admin_label=&#8221;Header Section&#8221; _builder_version=&#8221;4.16&#8243; background_color=&#8221;#000000&#8243; bottom_divider_style=&#8221;ramp&#8221; bottom_divider_flip=&#8221;horizontal&#8221; global_colors_info=&#8221;{}&#8221;][et_pb_fullwidth_header title=&#8221;A bizalom az alapja minden kapcsolatnak&#8230;&#8221; subhead=&#8221;PIPACSHON LOVASLIGET&#8221; button_one_text=&#8221;B\u00e9rtart\u00e1s&#8221; button_one_url=&#8221;https:\/\/pipacshon.hu\/index.php\/bertartas-2-2\/&#8221; button_two_text=&#8221;Kapcsolat&#8221; button_two_url=&#8221;https:\/\/pipacshon.hu\/index.php\/kapcsolat-2\/&#8221; content_max_width=&#8221;640px&#8221; _builder_version=&#8221;4.27.4&#8243; title_font=&#8221;Oswald|||on|||||&#8221; title_font_size=&#8221;20px&#8221; title_letter_spacing=&#8221;3px&#8221; title_line_height=&#8221;1.5em&#8221; content_font=&#8221;Lora||||||||&#8221; content_font_size=&#8221;22px&#8221; content_line_height=&#8221;2em&#8221; subhead_font=&#8221;Lora|700|||||||&#8221; subhead_font_size=&#8221;80px&#8221; subhead_line_height=&#8221;1.5em&#8221; background_color=&#8221;rgba(255,255,255,0)&#8221; background_image=&#8221;https:\/\/pipacshon.hu\/wp-content\/uploads\/jeremy-bishop-wn4p4Z6lujs-unsplash.jpg&#8221; parallax=&#8221;on&#8221; parallax_method=&#8221;on&#8221; custom_button_one=&#8221;on&#8221; button_one_text_size=&#8221;16px&#8221; button_one_text_color=&#8221;#ffffff&#8221; button_one_bg_color=&#8221;#d29f68&#8243; button_one_border_width=&#8221;15px&#8221; button_one_border_color=&#8221;rgba(210,159,104,0)&#8221; button_one_border_radius=&#8221;100px&#8221; button_one_letter_spacing=&#8221;3px&#8221; button_one_font=&#8221;Oswald|||on|||||&#8221; button_one_use_icon=&#8221;off&#8221; custom_button_two=&#8221;on&#8221; button_two_text_size=&#8221;16px&#8221; button_two_text_color=&#8221;#ffffff&#8221; button_two_bg_color=&#8221;rgba(255,255,255,0.35)&#8221; button_two_border_width=&#8221;15px&#8221; button_two_border_color=&#8221;rgba(0,0,0,0)&#8221; button_two_border_radius=&#8221;100px&#8221; button_two_letter_spacing=&#8221;3px&#8221; button_two_font=&#8221;Oswald|||on|||||&#8221; button_two_use_icon=&#8221;off&#8221; custom_margin=&#8221;|||&#8221; custom_padding=&#8221;18vw||18vw||true&#8221; animation_style=&#8221;zoom&#8221; animation_duration=&#8221;2000ms&#8221; animation_intensity_zoom=&#8221;4%&#8221; hover_enabled=&#8221;0&#8243; subhead_font_size_tablet=&#8221;80px&#8221; subhead_font_size_phone=&#8221;50px&#8221; subhead_font_size_last_edited=&#8221;on|desktop&#8221; button_one_border_radius_hover=&#8221;100px&#8221; button_one_bg_color_hover=&#8221;#cc8d66&#8243; button_two_bg_color_hover=&#8221;#d29f68&#8243; global_colors_info=&#8221;{}&#8221; button_one_text_size__hover_enabled=&#8221;off&#8221; button_two_text_size__hover_enabled=&#8221;off&#8221; button_one_text_color__hover_enabled=&#8221;off&#8221; button_two_text_color__hover_enabled=&#8221;off&#8221; button_one_border_width__hover_enabled=&#8221;off&#8221; button_two_border_width__hover_enabled=&#8221;off&#8221; button_one_border_color__hover_enabled=&#8221;off&#8221; button_two_border_color__hover_enabled=&#8221;off&#8221; button_one_border_radius__hover_enabled=&#8221;on&#8221; button_one_border_radius__hover=&#8221;100px&#8221; button_two_border_radius__hover_enabled=&#8221;off&#8221; button_one_letter_spacing__hover_enabled=&#8221;off&#8221; button_two_letter_spacing__hover_enabled=&#8221;off&#8221; button_one_bg_color__hover_enabled=&#8221;on&#8221; button_one_bg_color__hover=&#8221;#cc8d66&#8243; button_two_bg_color__hover_enabled=&#8221;on&#8221; button_two_bg_color__hover=&#8221;#d29f68&#8243; sticky_enabled=&#8221;0&#8243;]<\/p>\n<p><span>&#8222;A lovak is besz\u00e9lnek&#8230; Csak oda kell figyelni r\u00e1juk.&#8221;<\/span><\/p>\n<p><strong>\/Monty Roberts\/<\/strong><\/p>\n<p>&nbsp;<\/p>\n<p>[\/et_pb_fullwidth_header][\/et_pb_section][et_pb_section fb_built=&#8221;1&#8243; admin_label=&#8221;About Section&#8221; _builder_version=&#8221;4.16&#8243; background_color=&#8221;#ffffff&#8221; custom_padding=&#8221;80px|0px|80px|0px|true|false&#8221; global_colors_info=&#8221;{}&#8221;][et_pb_row _builder_version=&#8221;4.16&#8243; global_colors_info=&#8221;{}&#8221;][et_pb_column type=&#8221;4_4&#8243; _builder_version=&#8221;4.16&#8243; custom_padding=&#8221;|||&#8221; global_colors_info=&#8221;{}&#8221; custom_padding__hover=&#8221;|||&#8221;][et_pb_text _builder_version=&#8221;4.18.0&#8243; text_font=&#8221;||||||||&#8221; header_font=&#8221;||||||||&#8221; header_2_font=&#8221;Lora|700|||||||&#8221; header_2_font_size=&#8221;50px&#8221; header_2_line_height=&#8221;1.5em&#8221; header_5_font=&#8221;Oswald|||on|||||&#8221; header_5_text_color=&#8221;rgba(0,0,0,0.4)&#8221; header_5_font_size=&#8221;20px&#8221; header_5_letter_spacing=&#8221;3px&#8221; text_orientation=&#8221;center&#8221; max_width=&#8221;600px&#8221; module_alignment=&#8221;center&#8221; text_line_height_last_edited=&#8221;off|desktop&#8221; global_colors_info=&#8221;{}&#8221;]<\/p>\n<h5>F\u0151 szempontjaink<\/h5>\n<h2>Bemutatkoz\u00e1s:<\/h2>\n<p>[\/et_pb_text][\/et_pb_column][\/et_pb_row][et_pb_row _builder_version=&#8221;4.18.0&#8243; global_colors_info=&#8221;{}&#8221;][et_pb_column type=&#8221;4_4&#8243; _builder_version=&#8221;4.16&#8243; custom_padding=&#8221;|||&#8221; global_colors_info=&#8221;{}&#8221; custom_padding__hover=&#8221;|||&#8221;][et_pb_text _builder_version=&#8221;4.16&#8243; text_font=&#8221;Lora||||||||&#8221; text_font_size=&#8221;18px&#8221; text_line_height=&#8221;2em&#8221; link_font=&#8221;||||||||&#8221; ul_font=&#8221;||||||||&#8221; ol_font=&#8221;||||||||&#8221; quote_font=&#8221;||||||||&#8221; header_font=&#8221;||||||||&#8221; header_2_font=&#8221;||||||||&#8221; header_3_font=&#8221;Oswald|||on|||||&#8221; header_3_font_size=&#8221;20px&#8221; header_3_letter_spacing=&#8221;3px&#8221; header_3_line_height=&#8221;1.5em&#8221; header_4_font=&#8221;||||||||&#8221; max_width=&#8221;600px&#8221; text_line_height_last_edited=&#8221;off|desktop&#8221; global_colors_info=&#8221;{}&#8221;]<\/p>\n<p><span style=\"font-weight: 400;\">Pipacshon Lovasliget nem nagy\u00fczemi lovarda, szeretn\u00e9nk a csal\u00e1dias hangulatot, \u00e9s a szabadid\u0151 hasznos elt\u00f6lt\u00e9s\u00e9nek lehet\u0151s\u00e9g\u00e9t megteremteni a hozz\u00e1nk \u00e9rkez\u0151knek. jelenleg csak b\u00e9rtart\u00e1ssal foglalkozunk, mert ig\u00e9ny van olyan helyre, ahol a lovak, s gazd\u00e1ik teljes nyugalomban, b\u00e9k\u00e9ben t\u00f6lthetnek egy\u00fctt min\u0151s\u00e9gi id\u0151t.<\/span><\/p>\n<p><span style=\"font-weight: 400;\">Ha eddig m\u00e9g nem tal\u00e1lta meg lov\u00e1nak a megfelel\u0151 helyet, s szeretne egy nagyszer\u0171 csapat r\u00e9szes\u00e9v\u00e9 v\u00e1lni, akkor j\u00f6jj\u00f6n el hozz\u00e1nk!<\/span><\/p>\n<p>[\/et_pb_text][et_pb_button button_url=&#8221;https:\/\/pipacshon.hu\/index.php\/kapcsolat-2\/&#8221; button_text=&#8221;Kapcsolat&#8221; button_alignment=&#8221;left&#8221; _builder_version=&#8221;4.27.4&#8243; custom_button=&#8221;on&#8221; button_text_size=&#8221;16px&#8221; button_bg_color=&#8221;#d1bdaf&#8221; button_border_width=&#8221;6px&#8221; button_border_color=&#8221;rgba(209,189,175,0)&#8221; button_border_radius=&#8221;100px&#8221; button_letter_spacing=&#8221;3px&#8221; button_font=&#8221;Oswald|||on|||||&#8221; button_use_icon=&#8221;off&#8221; background_layout=&#8221;dark&#8221; custom_margin=&#8221;|||&#8221; hover_enabled=&#8221;0&#8243; button_bg_color_hover=&#8221;#cc8d66&#8243; locked=&#8221;off&#8221; global_colors_info=&#8221;{}&#8221; button_text_size__hover_enabled=&#8221;off&#8221; button_one_text_size__hover_enabled=&#8221;off&#8221; button_two_text_size__hover_enabled=&#8221;off&#8221; button_text_color__hover_enabled=&#8221;off&#8221; button_one_text_color__hover_enabled=&#8221;off&#8221; button_two_text_color__hover_enabled=&#8221;off&#8221; button_border_width__hover_enabled=&#8221;off&#8221; button_one_border_width__hover_enabled=&#8221;off&#8221; button_two_border_width__hover_enabled=&#8221;off&#8221; button_border_color__hover_enabled=&#8221;off&#8221; button_one_border_color__hover_enabled=&#8221;off&#8221; button_two_border_color__hover_enabled=&#8221;off&#8221; button_border_radius__hover_enabled=&#8221;off&#8221; button_one_border_radius__hover_enabled=&#8221;off&#8221; button_two_border_radius__hover_enabled=&#8221;off&#8221; button_letter_spacing__hover_enabled=&#8221;off&#8221; button_one_letter_spacing__hover_enabled=&#8221;off&#8221; button_two_letter_spacing__hover_enabled=&#8221;off&#8221; button_bg_color__hover_enabled=&#8221;on&#8221; button_bg_color__hover=&#8221;#cc8d66&#8243; button_one_bg_color__hover_enabled=&#8221;off&#8221; button_two_bg_color__hover_enabled=&#8221;off&#8221; sticky_enabled=&#8221;0&#8243;][\/et_pb_button][\/et_pb_column][\/et_pb_row][\/et_pb_section][et_pb_section fb_built=&#8221;1&#8243; admin_label=&#8221;Services Section&#8221; _builder_version=&#8221;4.16&#8243; background_color=&#8221;#232220&#8243; custom_padding=&#8221;80px|0px|80px|0px|true|false&#8221; global_colors_info=&#8221;{}&#8221;][et_pb_row _builder_version=&#8221;4.16&#8243; global_colors_info=&#8221;{}&#8221;][et_pb_column type=&#8221;4_4&#8243; _builder_version=&#8221;4.16&#8243; custom_padding=&#8221;|||&#8221; global_colors_info=&#8221;{}&#8221; custom_padding__hover=&#8221;|||&#8221;][et_pb_blurb title=&#8221;B\u00e9rtart\u00e1s&#8221; image=&#8221;https:\/\/pipacshon.hu\/wp-content\/uploads\/donate.png&#8221; image_icon_width=&#8221;64px&#8221; _builder_version=&#8221;4.18.0&#8243; header_font=&#8221;Oswald|||on|||||&#8221; header_text_align=&#8221;center&#8221; header_letter_spacing=&#8221;3px&#8221; header_line_height=&#8221;1.7em&#8221; body_font=&#8221;Lora||||||||&#8221; body_font_size=&#8221;18px&#8221; body_line_height=&#8221;2em&#8221; text_orientation=&#8221;center&#8221; background_layout=&#8221;dark&#8221; animation_style=&#8221;fade&#8221; animation=&#8221;off&#8221; image_max_width=&#8221;64px&#8221; global_colors_info=&#8221;{}&#8221;]<\/p>\n<p>Szeretettel \u00e9s odafigyel\u00e9ssel biztos\u00edtjuk a lovak eg\u00e9szs\u00e9ges fejl\u0151d\u00e9s\u00e9t t\u00e1gas legel\u0151k\u00f6n, kar\u00e1mjainkban, f\u00e9lrideg tart\u00e1sban.<\/p>\n<p>[\/et_pb_blurb][\/et_pb_column][\/et_pb_row][\/et_pb_section][et_pb_section fb_built=&#8221;1&#8243; admin_label=&#8221;Vision Section&#8221; _builder_version=&#8221;4.16&#8243; background_color=&#8221;#232220&#8243; use_background_color_gradient=&#8221;on&#8221; background_color_gradient_stops=&#8221;#232220 50%|#ffffff 50%&#8221; background_color_gradient_start=&#8221;#232220&#8243; background_color_gradient_start_position=&#8221;50%&#8221; background_color_gradient_end=&#8221;#ffffff&#8221; background_color_gradient_end_position=&#8221;50%&#8221; custom_padding=&#8221;80px|0px|80px|0px|false|false&#8221; global_colors_info=&#8221;{}&#8221;][et_pb_row _builder_version=&#8221;4.16&#8243; background_color=&#8221;#d29f68&#8243; custom_padding=&#8221;100px|40px|100px|40px|true|false&#8221; animation_style=&#8221;zoom&#8221; animation_intensity_zoom=&#8221;5%&#8221; border_radii=&#8221;on|8px|8px|8px|8px&#8221; box_shadow_style=&#8221;preset3&#8243; box_shadow_vertical=&#8221;110px&#8221; box_shadow_blur=&#8221;80px&#8221; box_shadow_spread=&#8221;-80px&#8221; box_shadow_color=&#8221;rgba(0,0,0,0.12)&#8221; global_colors_info=&#8221;{}&#8221;][et_pb_column type=&#8221;4_4&#8243; _builder_version=&#8221;4.16&#8243; custom_padding=&#8221;|||&#8221; global_colors_info=&#8221;{}&#8221; custom_padding__hover=&#8221;|||&#8221;][et_pb_text _builder_version=&#8221;4.16&#8243; text_font=&#8221;Lora||||||||&#8221; text_font_size=&#8221;18px&#8221; text_line_height=&#8221;2em&#8221; link_font=&#8221;||||||||&#8221; ul_font=&#8221;||||||||&#8221; ol_font=&#8221;||||||||&#8221; quote_font=&#8221;||||||||&#8221; header_font=&#8221;||||||||&#8221; header_2_font=&#8221;Lora|700|||||||&#8221; header_2_font_size=&#8221;50px&#8221; header_2_line_height=&#8221;1.5em&#8221; header_5_font=&#8221;Oswald|||on|||||&#8221; header_5_text_color=&#8221;rgba(255,255,255,0.4)&#8221; header_5_font_size=&#8221;20px&#8221; header_5_letter_spacing=&#8221;3px&#8221; header_5_line_height=&#8221;1.7em&#8221; text_orientation=&#8221;center&#8221; background_layout=&#8221;dark&#8221; max_width=&#8221;750px&#8221; module_alignment=&#8221;center&#8221; custom_padding=&#8221;|||&#8221; text_line_height_last_edited=&#8221;off|desktop&#8221; header_2_font_size_tablet=&#8221;&#8221; header_2_font_size_phone=&#8221;36px&#8221; header_2_font_size_last_edited=&#8221;on|desktop&#8221; global_colors_info=&#8221;{}&#8221;]<\/p>\n<h5>Gyere el hozz\u00e1nk!<\/h5>\n<h2>Szeretettel v\u00e1runk!<\/h2>\n<p><span style=\"font-weight: 400;\">A Pipacshon Lovasliget Budapestt\u0151l 30 km-re az M7 aut\u00f3p\u00e1ly\u00e1t\u00f3l p\u00e1r percre fest\u0151i k\u00f6rnyezetben, erd\u0151k, tavak \u00f6lel\u00e9s\u00e9ben helyezkedik el. A lovastanya eg\u00e9sz \u00e9vben nyugodt \u00e9s csendes pihen\u00e9st, kikapcsol\u00f3d\u00e1st biztos\u00edt minden vend\u00e9ge sz\u00e1m\u00e1ra.<\/span><\/p>\n<p>[\/et_pb_text][\/et_pb_column][\/et_pb_row][\/et_pb_section]<\/p>\n","protected":false},"excerpt":{"rendered":"<p>&#8222;A lovak is besz\u00e9lnek&#8230; Csak oda kell figyelni r\u00e1juk.&#8221; \/Monty Roberts\/ &nbsp;F\u0151 szempontjaink Bemutatkoz\u00e1s:Pipacshon Lovasliget nem nagy\u00fczemi lovarda, szeretn\u00e9nk a csal\u00e1dias hangulatot, \u00e9s a szabadid\u0151 hasznos elt\u00f6lt\u00e9s\u00e9nek lehet\u0151s\u00e9g\u00e9t megteremteni a hozz\u00e1nk \u00e9rkez\u0151knek. jelenleg csak b\u00e9rtart\u00e1ssal foglalkozunk, mert ig\u00e9ny van olyan helyre, ahol a lovak, s gazd\u00e1ik teljes nyugalomban, b\u00e9k\u00e9ben t\u00f6lthetnek egy\u00fctt min\u0151s\u00e9gi id\u0151t. Ha eddig [&hellip;]<\/p>\n","protected":false},"author":1,"featured_media":0,"parent":0,"menu_order":0,"comment_status":"closed","ping_status":"closed","template":"","meta":{"_et_pb_use_builder":"on","_et_pb_old_content":"","_et_gb_content_width":"","footnotes":""},"class_list":["post-1022","page","type-page","status-publish","hentry"],"_links":{"self":[{"href":"https:\/\/pipacshon.hu\/index.php\/wp-json\/wp\/v2\/pages\/1022","targetHints":{"allow":["GET"]}}],"collection":[{"href":"https:\/\/pipacshon.hu\/index.php\/wp-json\/wp\/v2\/pages"}],"about":[{"href":"https:\/\/pipacshon.hu\/index.php\/wp-json\/wp\/v2\/types\/page"}],"author":[{"embeddable":true,"href":"https:\/\/pipacshon.hu\/index.php\/wp-json\/wp\/v2\/users\/1"}],"replies":[{"embeddable":true,"href":"https:\/\/pipacshon.hu\/index.php\/wp-json\/wp\/v2\/comments?post=1022"}],"version-history":[{"count":17,"href":"https:\/\/pipacshon.hu\/index.php\/wp-json\/wp\/v2\/pages\/1022\/revisions"}],"predecessor-version":[{"id":1136,"href":"https:\/\/pipacshon.hu\/index.php\/wp-json\/wp\/v2\/pages\/1022\/revisions\/1136"}],"wp:attachment":[{"href":"https:\/\/pipacshon.hu\/index.php\/wp-json\/wp\/v2\/media?parent=1022"}],"curies":[{"name":"wp","href":"https:\/\/api.w.org\/{rel}","templated":true}]}}